{"id":456,"date":"2022-12-07T19:48:05","date_gmt":"2022-12-07T18:48:05","guid":{"rendered":"https:\/\/petex-inox.hr\/?page_id=456"},"modified":"2022-12-09T12:38:24","modified_gmt":"2022-12-09T11:38:24","slug":"zaposljavanje","status":"publish","type":"page","link":"https:\/\/petex-inox.hr\/en\/zaposljavanje\/","title":{"rendered":"Employment"},"content":{"rendered":"<p>Due to the growth and expansion of production, we are often in need of workers of various profiles.<br \/>\nThat's why you can send us open job applications at any time by email: <a href=\"mailto:marina@petex-inox.hr\">marina@petex-inox.hr<\/a> .<\/p>\n<p><strong>Currently active job vacancies:<\/strong><\/p>\n<p><a href=\"https:\/\/burzarada.hzz.hr\/RadnoMjesto_Ispis.aspx?WebSifra=128549383\">TECHNICAL DRAWER<\/a><\/p>\n<p><a href=\"https:\/\/burzarada.hzz.hr\/RadnoMjesto_Ispis.aspx?WebSifra=128549670\">SANDBLASTING TEHNICIAN<\/a><\/p>\n<p><a href=\"https:\/\/burzarada.hzz.hr\/RadnoMjesto_Ispis.aspx?WebSifra=128321461&amp;ispis=true\">ASSISTANT WORKER IN PACKAGING AND SHIPPING<\/a><\/p>\n<p><a href=\"https:\/\/burzarada.hzz.hr\/RadnoMjesto_Ispis.aspx?WebSifra=128322034\">ASSISTANT WELDER<\/a><\/p>\n<p>&nbsp;<\/p>","protected":false},"excerpt":{"rendered":"<p>Zbog rasta i \u0161irenja proizvodnje, \u010desto smo u potrebi za radnicima razli\u010ditih profila. Zato nam u svako vrijeme mo\u017eete poslati otvorene zamolbe za posao na mail: marina@petex-inox.hr . Trenutno aktivni natje\u010daji: TEHNI\u010cKI \/ A CRTA\u010c \/ ICA RADNIK \/ ICA NA POSLOVIMA PJESKARENJA POMO\u0106NI \/ A RADNIK \/ ICA NA POSLOVIMA PAKIRANJA I OTPREME POMO\u0106NI [&hellip;]<\/p>","protected":false},"author":1,"featured_media":0,"parent":0,"menu_order":0,"comment_status":"closed","ping_status":"closed","template":"","meta":{"ngg_post_thumbnail":0,"footnotes":""},"class_list":["post-456","page","type-page","status-publish","hentry"],"_links":{"self":[{"href":"https:\/\/petex-inox.hr\/en\/wp-json\/wp\/v2\/pages\/456","targetHints":{"allow":["GET"]}}],"collection":[{"href":"https:\/\/petex-inox.hr\/en\/wp-json\/wp\/v2\/pages"}],"about":[{"href":"https:\/\/petex-inox.hr\/en\/wp-json\/wp\/v2\/types\/page"}],"author":[{"embeddable":true,"href":"https:\/\/petex-inox.hr\/en\/wp-json\/wp\/v2\/users\/1"}],"replies":[{"embeddable":true,"href":"https:\/\/petex-inox.hr\/en\/wp-json\/wp\/v2\/comments?post=456"}],"version-history":[{"count":6,"href":"https:\/\/petex-inox.hr\/en\/wp-json\/wp\/v2\/pages\/456\/revisions"}],"predecessor-version":[{"id":463,"href":"https:\/\/petex-inox.hr\/en\/wp-json\/wp\/v2\/pages\/456\/revisions\/463"}],"wp:attachment":[{"href":"https:\/\/petex-inox.hr\/en\/wp-json\/wp\/v2\/media?parent=456"}],"curies":[{"name":"wp","href":"https:\/\/api.w.org\/{rel}","templated":true}]}}