{"id":65,"date":"2022-02-07T18:22:59","date_gmt":"2022-02-07T17:22:59","guid":{"rendered":"https:\/\/petex-inox.hr\/?page_id=65"},"modified":"2022-09-06T13:05:55","modified_gmt":"2022-09-06T11:05:55","slug":"o-nama","status":"publish","type":"page","link":"https:\/\/petex-inox.hr\/en\/o-nama\/","title":{"rendered":"About us"},"content":{"rendered":"<div id=\"pl-65\"  class=\"panel-layout\" ><div id=\"pg-65-0\"  class=\"panel-grid panel-no-style\" ><div id=\"pgc-65-0-0\"  class=\"panel-grid-cell\" ><div id=\"panel-65-0-0-0\" class=\"so-panel widget widget_sow-editor panel-first-child panel-last-child\" data-index=\"0\" ><div\n\t\t\t\n\t\t\tclass=\"so-widget-sow-editor so-widget-sow-editor-base\"\n\t\t\t\n\t\t>\n<div class=\"siteorigin-widget-tinymce textwidget\">\n\t<p><img loading=\"lazy\" decoding=\"async\" class=\"alignnone size-full wp-image-118 aligncenter\" src=\"https:\/\/petex-inox.hr\/wp-content\/uploads\/2022\/02\/logo-301-40-e1648663841395.png\" alt=\"\" width=\"187\" height=\"40\"\/><\/p>\n<p>We have been in Croatia since 2016 and we deal with metal processing. We are an ambitious and experienced team whose desire is to transfer our business experience outside the borders of Croatia to our homeland and contribute to the economic development and strengthening of the region.<\/p>\n<p>A sister company that exists and operates since 1996 in the Swiss Confederation <strong>PETEX Metallverarbeitung AG<\/strong> (<a href=\"https:\/\/www.petex.ch\/\">https:\/\/www.petex.ch\/<\/a>), with its acquired reputation on the foreign market, it shows us guidelines in business as a loyal partner.<\/p>\n<p>Our vision and mission is to always be available to our customers and to fulfill their wishes and expectations in terms of quality, precision and speed of delivery by constantly improving technology, which we prove with our <strong>attestations and certificates<\/strong>.<\/p>\n<p>We produce for various branches of the economy, including: <strong>pharmacy, medicine, food industry, energy, construction<\/strong> and for facilities in the production of consumer goods.<\/p>\n<p>We are here for you!<\/p>\n<p>Contact us with confidence<\/p>\n<\/div>\n<\/div><\/div><\/div><\/div><div id=\"pg-65-1\"  class=\"panel-grid panel-no-style\" ><div id=\"pgc-65-1-0\"  class=\"panel-grid-cell\" ><div id=\"panel-65-1-0-0\" class=\"so-panel widget widget_sow-editor panel-first-child panel-last-child\" data-index=\"1\" ><div\n\t\t\t\n\t\t\tclass=\"so-widget-sow-editor so-widget-sow-editor-base\"\n\t\t\t\n\t\t>\n<div class=\"siteorigin-widget-tinymce textwidget\">\n\t<p><a href=\"https:\/\/petex-inox.hr\/wp-content\/uploads\/2022\/08\/CERTIFIKAT-ISO-9001-2015-ENG-scaled.jpg\"><img loading=\"lazy\" decoding=\"async\" class=\"aligncenter wp-image-298 size-medium\" src=\"https:\/\/petex-inox.hr\/wp-content\/uploads\/2022\/08\/CERTIFIKAT-ISO-9001-2015-ENG-218x300.jpg\" alt=\"\" width=\"218\" height=\"300\" srcset=\"https:\/\/petex-inox.hr\/wp-content\/uploads\/2022\/08\/CERTIFIKAT-ISO-9001-2015-ENG-218x300.jpg 218w, https:\/\/petex-inox.hr\/wp-content\/uploads\/2022\/08\/CERTIFIKAT-ISO-9001-2015-ENG-745x1024.jpg 745w, https:\/\/petex-inox.hr\/wp-content\/uploads\/2022\/08\/CERTIFIKAT-ISO-9001-2015-ENG-768x1056.jpg 768w, https:\/\/petex-inox.hr\/wp-content\/uploads\/2022\/08\/CERTIFIKAT-ISO-9001-2015-ENG-1117x1536.jpg 1117w, https:\/\/petex-inox.hr\/wp-content\/uploads\/2022\/08\/CERTIFIKAT-ISO-9001-2015-ENG-1489x2048.jpg 1489w, https:\/\/petex-inox.hr\/wp-content\/uploads\/2022\/08\/CERTIFIKAT-ISO-9001-2015-ENG-scaled.jpg 1861w\" sizes=\"auto, (max-width: 218px) 100vw, 218px\" \/><\/a><\/p>\n<\/div>\n<\/div><\/div><\/div><div id=\"pgc-65-1-1\"  class=\"panel-grid-cell\" ><div id=\"panel-65-1-1-0\" class=\"so-panel widget widget_sow-editor panel-first-child panel-last-child\" data-index=\"2\" ><div\n\t\t\t\n\t\t\tclass=\"so-widget-sow-editor so-widget-sow-editor-base\"\n\t\t\t\n\t\t>\n<div class=\"siteorigin-widget-tinymce textwidget\">\n\t<p><a href=\"https:\/\/petex-inox.hr\/wp-content\/uploads\/2022\/09\/CERT_1090-1_FACTORY-PROD.CONTROL_ENG.pdf\"><img loading=\"lazy\" decoding=\"async\" class=\"size-full wp-image-446 aligncenter\" src=\"https:\/\/petex-inox.hr\/wp-content\/uploads\/2022\/09\/FactoryProdContr.png\" alt=\"\" width=\"224\" height=\"321\" srcset=\"https:\/\/petex-inox.hr\/wp-content\/uploads\/2022\/09\/FactoryProdContr.png 224w, https:\/\/petex-inox.hr\/wp-content\/uploads\/2022\/09\/FactoryProdContr-209x300.png 209w\" sizes=\"auto, (max-width: 224px) 100vw, 224px\" \/><\/a><\/p>\n<\/div>\n<\/div><\/div><\/div><div id=\"pgc-65-1-2\"  class=\"panel-grid-cell\" ><div id=\"panel-65-1-2-0\" class=\"so-panel widget widget_sow-editor panel-first-child panel-last-child\" data-index=\"3\" ><div\n\t\t\t\n\t\t\tclass=\"so-widget-sow-editor so-widget-sow-editor-base\"\n\t\t\t\n\t\t>\n<div class=\"siteorigin-widget-tinymce textwidget\">\n\t<p><a href=\"https:\/\/petex-inox.hr\/wp-content\/uploads\/2022\/09\/CERT_1090-2_WELDING_ENG.pdf\"><img loading=\"lazy\" decoding=\"async\" class=\"alignnone size-full wp-image-445 aligncenter\" src=\"https:\/\/petex-inox.hr\/wp-content\/uploads\/2022\/09\/welding.png\" alt=\"\" width=\"222\" height=\"319\" srcset=\"https:\/\/petex-inox.hr\/wp-content\/uploads\/2022\/09\/welding.png 222w, https:\/\/petex-inox.hr\/wp-content\/uploads\/2022\/09\/welding-209x300.png 209w\" sizes=\"auto, (max-width: 222px) 100vw, 222px\" \/><\/a><\/p>\n<\/div>\n<\/div><\/div><\/div><div id=\"pgc-65-1-3\"  class=\"panel-grid-cell\" ><div id=\"panel-65-1-3-0\" class=\"so-panel widget widget_sow-editor panel-first-child panel-last-child\" data-index=\"4\" ><div\n\t\t\t\n\t\t\tclass=\"so-widget-sow-editor so-widget-sow-editor-base\"\n\t\t\t\n\t\t>\n<div class=\"siteorigin-widget-tinymce textwidget\">\n\t<p><a href=\"https:\/\/petex-inox.hr\/wp-content\/uploads\/2022\/09\/CERT_3834-2_ENG.pdf\"><img loading=\"lazy\" decoding=\"async\" class=\"size-full wp-image-444 aligncenter\" src=\"https:\/\/petex-inox.hr\/wp-content\/uploads\/2022\/09\/Compliancefusionwelding.png\" alt=\"\" width=\"222\" height=\"320\" srcset=\"https:\/\/petex-inox.hr\/wp-content\/uploads\/2022\/09\/Compliancefusionwelding.png 222w, https:\/\/petex-inox.hr\/wp-content\/uploads\/2022\/09\/Compliancefusionwelding-208x300.png 208w\" sizes=\"auto, (max-width: 222px) 100vw, 222px\" \/><\/a><\/p>\n<\/div>\n<\/div><\/div><\/div><\/div><\/div>","protected":false},"excerpt":{"rendered":"<p>U Republici Hrvatskoj postojimo od 2016. godine i bavimo se obradom metala. Ambiciozan smo i iskusan tim kojem je \u017eelja svoje iskustvo poslovanja van granica Hrvatske prenijeti i u na\u0161u domovinu te dati svoj doprinos u gospodarskom razvoju i ja\u010danju regije. Sestrinska firma koja postoji i posluje od 1996. godine u \u0160vicarskoj konfederaciji PETEX Metallverarbeitung [&hellip;]<\/p>","protected":false},"author":1,"featured_media":0,"parent":0,"menu_order":0,"comment_status":"closed","ping_status":"closed","template":"","meta":{"ngg_post_thumbnail":0,"footnotes":""},"class_list":["post-65","page","type-page","status-publish","hentry"],"_links":{"self":[{"href":"https:\/\/petex-inox.hr\/en\/wp-json\/wp\/v2\/pages\/65","targetHints":{"allow":["GET"]}}],"collection":[{"href":"https:\/\/petex-inox.hr\/en\/wp-json\/wp\/v2\/pages"}],"about":[{"href":"https:\/\/petex-inox.hr\/en\/wp-json\/wp\/v2\/types\/page"}],"author":[{"embeddable":true,"href":"https:\/\/petex-inox.hr\/en\/wp-json\/wp\/v2\/users\/1"}],"replies":[{"embeddable":true,"href":"https:\/\/petex-inox.hr\/en\/wp-json\/wp\/v2\/comments?post=65"}],"version-history":[{"count":15,"href":"https:\/\/petex-inox.hr\/en\/wp-json\/wp\/v2\/pages\/65\/revisions"}],"predecessor-version":[{"id":452,"href":"https:\/\/petex-inox.hr\/en\/wp-json\/wp\/v2\/pages\/65\/revisions\/452"}],"wp:attachment":[{"href":"https:\/\/petex-inox.hr\/en\/wp-json\/wp\/v2\/media?parent=65"}],"curies":[{"name":"wp","href":"https:\/\/api.w.org\/{rel}","templated":true}]}}